{"id":6644,"date":"2024-04-08T17:24:25","date_gmt":"2024-04-08T21:24:25","guid":{"rendered":"https:\/\/cclkn.org\/?page_id=6644"},"modified":"2026-01-21T10:20:32","modified_gmt":"2026-01-21T14:20:32","slug":"spanish-teachings","status":"publish","type":"page","link":"https:\/\/cclkn.org\/es\/spanish-teachings\/","title":{"rendered":"Spanish Teachings"},"content":{"rendered":"\t\t<div data-elementor-type=\"wp-page\" data-elementor-id=\"6644\" class=\"elementor elementor-6644\" data-elementor-post-type=\"page\">\n\t\t\t\t\t\t<section class=\"ob-is-breaking-bad elementor-section elementor-top-section elementor-element elementor-element-173a4e5 elementor-reverse-laptop elementor-reverse-tablet elementor-reverse-mobile elementor-section-boxed elementor-section-height-default elementor-section-height-default\" data-id=\"173a4e5\" data-element_type=\"section\" data-e-type=\"section\" data-settings=\"{&quot;jet_parallax_layout_list&quot;:[{&quot;jet_parallax_layout_image&quot;:{&quot;url&quot;:&quot;&quot;,&quot;id&quot;:&quot;&quot;,&quot;size&quot;:&quot;&quot;},&quot;_id&quot;:&quot;cd0ee59&quot;,&quot;jet_parallax_layout_image_laptop&quot;:{&quot;url&quot;:&quot;&quot;,&quot;id&quot;:&quot;&quot;,&quot;size&quot;:&quot;&quot;},&quot;jet_parallax_layout_image_tablet&quot;:{&quot;url&quot;:&quot;&quot;,&quot;id&quot;:&quot;&quot;,&quot;size&quot;:&quot;&quot;},&quot;jet_parallax_layout_image_mobile&quot;:{&quot;url&quot;:&quot;&quot;,&quot;id&quot;:&quot;&quot;,&quot;size&quot;:&quot;&quot;},&quot;jet_parallax_layout_speed&quot;:{&quot;unit&quot;:&quot;%&quot;,&quot;size&quot;:50,&quot;sizes&quot;:[]},&quot;jet_parallax_layout_type&quot;:&quot;scroll&quot;,&quot;jet_parallax_layout_direction&quot;:&quot;1&quot;,&quot;jet_parallax_layout_fx_direction&quot;:null,&quot;jet_parallax_layout_z_index&quot;:&quot;&quot;,&quot;jet_parallax_layout_bg_x&quot;:50,&quot;jet_parallax_layout_bg_x_laptop&quot;:&quot;&quot;,&quot;jet_parallax_layout_bg_x_tablet&quot;:&quot;&quot;,&quot;jet_parallax_layout_bg_x_mobile&quot;:&quot;&quot;,&quot;jet_parallax_layout_bg_y&quot;:50,&quot;jet_parallax_layout_bg_y_laptop&quot;:&quot;&quot;,&quot;jet_parallax_layout_bg_y_tablet&quot;:&quot;&quot;,&quot;jet_parallax_layout_bg_y_mobile&quot;:&quot;&quot;,&quot;jet_parallax_layout_bg_size&quot;:&quot;auto&quot;,&quot;jet_parallax_layout_bg_size_laptop&quot;:&quot;&quot;,&quot;jet_parallax_layout_bg_size_tablet&quot;:&quot;&quot;,&quot;jet_parallax_layout_bg_size_mobile&quot;:&quot;&quot;,&quot;jet_parallax_layout_animation_prop&quot;:&quot;transform&quot;,&quot;jet_parallax_layout_on&quot;:[&quot;desktop&quot;,&quot;tablet&quot;]}],&quot;_ob_bbad_use_it&quot;:&quot;yes&quot;,&quot;_ob_bbad_sssic_use&quot;:&quot;no&quot;,&quot;_ob_glider_is_slider&quot;:&quot;no&quot;}\">\n\t\t\t\t\t\t<div class=\"elementor-container elementor-column-gap-no\">\n\t\t\t\t\t<div class=\"elementor-column elementor-col-50 elementor-top-column elementor-element elementor-element-fad7124\" data-id=\"fad7124\" data-element_type=\"column\" data-e-type=\"column\" data-settings=\"{&quot;_ob_bbad_is_stalker&quot;:&quot;no&quot;,&quot;_ob_teleporter_use&quot;:false,&quot;_ob_column_hoveranimator&quot;:&quot;no&quot;,&quot;_ob_column_has_pseudo&quot;:&quot;no&quot;}\">\n\t\t\t<div class=\"elementor-widget-wrap\">\n\t\t\t\t\t\t\t<\/div>\n\t\t<\/div>\n\t\t\t\t<div class=\"elementor-column elementor-col-50 elementor-top-column elementor-element elementor-element-5ae5536\" data-id=\"5ae5536\" data-element_type=\"column\" data-e-type=\"column\" data-settings=\"{&quot;_ob_bbad_is_stalker&quot;:&quot;no&quot;,&quot;_ob_teleporter_use&quot;:false,&quot;_ob_column_hoveranimator&quot;:&quot;no&quot;,&quot;_ob_column_has_pseudo&quot;:&quot;no&quot;}\">\n\t\t\t<div class=\"elementor-widget-wrap elementor-element-populated\">\n\t\t\t\t\t\t\t<\/div>\n\t\t<\/div>\n\t\t\t\t\t<\/div>\n\t\t<\/section>\n\t\t\t\t<section class=\"ob-is-breaking-bad elementor-section elementor-top-section elementor-element elementor-element-640d151 elementor-section-boxed elementor-section-height-default elementor-section-height-default\" data-id=\"640d151\" data-element_type=\"section\" data-e-type=\"section\" data-settings=\"{&quot;jet_parallax_layout_list&quot;:[],&quot;_ob_bbad_use_it&quot;:&quot;yes&quot;,&quot;_ob_bbad_sssic_use&quot;:&quot;no&quot;,&quot;_ob_glider_is_slider&quot;:&quot;no&quot;}\">\n\t\t\t\t\t\t<div class=\"elementor-container elementor-column-gap-default\">\n\t\t\t\t\t<div class=\"elementor-column elementor-col-100 elementor-top-column elementor-element elementor-element-04f2d09\" data-id=\"04f2d09\" data-element_type=\"column\" data-e-type=\"column\" data-settings=\"{&quot;_ob_bbad_is_stalker&quot;:&quot;no&quot;,&quot;_ob_teleporter_use&quot;:false,&quot;_ob_column_hoveranimator&quot;:&quot;no&quot;,&quot;_ob_column_has_pseudo&quot;:&quot;no&quot;}\">\n\t\t\t<div class=\"elementor-widget-wrap elementor-element-populated\">\n\t\t\t\t\t\t<div class=\"elementor-element elementor-element-ee7dab2 ob-harakiri-inherit ob-has-background-overlay elementor-widget elementor-widget-heading\" data-id=\"ee7dab2\" data-element_type=\"widget\" data-e-type=\"widget\" data-settings=\"{&quot;_ob_use_harakiri&quot;:&quot;yes&quot;,&quot;_ob_harakiri_writing_mode&quot;:&quot;inherit&quot;,&quot;_ob_harakiri_text_clip&quot;:&quot;none&quot;,&quot;_ob_perspektive_use&quot;:&quot;no&quot;,&quot;_ob_poopart_use&quot;:&quot;yes&quot;,&quot;_ob_shadough_use&quot;:&quot;no&quot;,&quot;_ob_allow_hoveranimator&quot;:&quot;no&quot;,&quot;_ob_widget_stalker_use&quot;:&quot;no&quot;}\" data-widget_type=\"heading.default\">\n\t\t\t\t<div class=\"elementor-widget-container\">\n\t\t\t\t\t<h2 class=\"elementor-heading-title elementor-size-default\">Spanish Teachings with Pastor Jay Bentley <\/h2>\t\t\t\t<\/div>\n\t\t\t\t<\/div>\n\t\t\t\t<div class=\"elementor-element elementor-element-215df08 ob-harakiri-inherit ob-has-background-overlay elementor-widget elementor-widget-text-editor\" data-id=\"215df08\" data-element_type=\"widget\" data-e-type=\"widget\" data-settings=\"{&quot;_ob_use_harakiri&quot;:&quot;yes&quot;,&quot;_ob_harakiri_writing_mode&quot;:&quot;inherit&quot;,&quot;_ob_postman_use&quot;:&quot;no&quot;,&quot;_ob_perspektive_use&quot;:&quot;no&quot;,&quot;_ob_poopart_use&quot;:&quot;yes&quot;,&quot;_ob_shadough_use&quot;:&quot;no&quot;,&quot;_ob_allow_hoveranimator&quot;:&quot;no&quot;,&quot;_ob_widget_stalker_use&quot;:&quot;no&quot;}\" data-widget_type=\"text-editor.default\">\n\t\t\t\t<div class=\"elementor-widget-container\">\n\t\t\t\t\t\t\t\t\t<p>Below you will find verse by verse and chapter by chapter teachings through different books of the Bible.\u00a0<\/p>\t\t\t\t\t\t\t\t<\/div>\n\t\t\t\t<\/div>\n\t\t\t\t\t<\/div>\n\t\t<\/div>\n\t\t\t\t\t<\/div>\n\t\t<\/section>\n\t\t\t\t<section class=\"ob-is-breaking-bad elementor-section elementor-top-section elementor-element elementor-element-257da39 elementor-section-boxed elementor-section-height-default elementor-section-height-default\" data-id=\"257da39\" data-element_type=\"section\" data-e-type=\"section\" data-settings=\"{&quot;jet_parallax_layout_list&quot;:[],&quot;_ob_bbad_use_it&quot;:&quot;yes&quot;,&quot;_ob_bbad_sssic_use&quot;:&quot;no&quot;,&quot;_ob_glider_is_slider&quot;:&quot;no&quot;}\">\n\t\t\t\t\t\t<div class=\"elementor-container elementor-column-gap-default\">\n\t\t\t\t\t<div class=\"elementor-column elementor-col-100 elementor-top-column elementor-element elementor-element-3fabce5\" data-id=\"3fabce5\" data-element_type=\"column\" data-e-type=\"column\" data-settings=\"{&quot;_ob_bbad_is_stalker&quot;:&quot;no&quot;,&quot;_ob_teleporter_use&quot;:false,&quot;_ob_column_hoveranimator&quot;:&quot;no&quot;,&quot;_ob_column_has_pseudo&quot;:&quot;no&quot;}\">\n\t\t\t<div class=\"elementor-widget-wrap elementor-element-populated\">\n\t\t\t\t\t\t<div class=\"elementor-element elementor-element-baf9674 ob-has-background-overlay elementor-widget elementor-widget-html\" data-id=\"baf9674\" data-element_type=\"widget\" data-e-type=\"widget\" data-settings=\"{&quot;_ob_perspektive_use&quot;:&quot;no&quot;,&quot;_ob_poopart_use&quot;:&quot;yes&quot;,&quot;_ob_shadough_use&quot;:&quot;no&quot;,&quot;_ob_allow_hoveranimator&quot;:&quot;no&quot;,&quot;_ob_widget_stalker_use&quot;:&quot;no&quot;}\" data-widget_type=\"html.default\">\n\t\t\t\t<div class=\"elementor-widget-container\">\n\t\t\t\t\t<html><head>\n    <style>\n        body {\n            font-family: Arial, sans-serif;\n            margin: 0;\n            padding: 0;\n            box-sizing: border-box;\n        }\n        .container {\n            display: flex;\n            flex-wrap: wrap;\n            justify-content: center;\n            align-items: flex-start;\n            padding: 20px;\n        }\n        .playlist-list {\n            flex: 1;\n            padding: 20px;\n            max-width: 300px;\n            border-right: 1px solid #ccc;\n        }\n        .playlist-list h2 {\n            margin-top: 0;\n        }\n        .playlist-list ul {\n            list-style-type: none;\n            padding: 0;\n            margin: 0;\n        }\n        .playlist-list li {\n            margin-bottom: 10px;\n            cursor: pointer;\n        }\n        .playlist-list li:hover {\n            text-decoration: underline;\n        }\n        .playlist-list li.active {\n            font-weight: bold;\n        }\n        .player {\n            flex: 2;\n            padding: 20px;\n            max-width: 800px;\n        }\n        iframe {\n            width: 100%;\n            height: 315px;\n        }\n        @media (max-width: 768px) {\n            .container {\n                flex-direction: column;\n                align-items: center;\n            }\n            .playlist-list {\n                border-right: none;\n                padding-right: 0;\n                max-width: none;\n                width: 100%;\n            }\n            .player {\n                max-width: none;\n                width: 100%;\n            }\n        }\n    <\/style>\n<\/head>\n<body>\n    <div class=\"container\">\n        <div class=\"playlist-list\">\n            <h2>Teachings<\/h2>\n            <ul>\n                <!-- <li class=\"playlist\" data-id=\"PLxgNJlFwQZYuih1QmrtnB6SYcRGefhBwZ\">ROMANOS<\/li> -->\n                <li class=\"playlist\" data-id=\"PLxgNJlFwQZYukMuIzITafKazCPLtc_H8C\">Daniel<\/li>\n                <li class=\"playlist\" data-id=\"PLxgNJlFwQZYtb2eg119aacYfvWpaAF3tr\">Apocalipsis<\/li>\n                <li class=\"playlist\" data-id=\"PLxgNJlFwQZYsKGEg47JFoLeVFyzeXgXxw\">CONFERENCIA DE J\u00d3VENES 2023<\/li>\n                <li class=\"playlist\" data-id=\"PLxgNJlFwQZYucVMHbHFLN2Z0dTEF0Iyd0\">2 Pedro<\/li>\n                <li class=\"playlist\" data-id=\"PLxgNJlFwQZYtHum2SIvWeWUXc9V-sPRxL\">Jes\u00fas es la Raz\u00f3n \/ Mini Serie Navide\u00f1a 2022<\/li>\n                <li class=\"playlist\" data-id=\"PLxgNJlFwQZYuUYxh60Ppb5_bxtHGQKQMa\">2 Reyes<\/li>\n                <li class=\"playlist\" data-id=\"PLxgNJlFwQZYsfbwBeYutY8cyGFtxWIWCn\">DEVOCIONAL SEMANAL<\/li>\n                <li class=\"playlist\" data-id=\"PLxgNJlFwQZYttFmSZytC4AOpFUDsquzEO\">1 Pedro<\/li>\n                <li class=\"playlist\" data-id=\"PLxgNJlFwQZYvu-oZ-1w2CfPlX0BV1Jgll\">Filem\u00f3n<\/li>\n                <li class=\"playlist\" data-id=\"PLxgNJlFwQZYtzjk1DsXK_0A40TH0VFnAx\">Tito<\/li>\n                <li class=\"playlist\" data-id=\"PLxgNJlFwQZYtH0kr804hkoIYwGHVoEEds\">2 Timoteo<\/li>\n                <li class=\"playlist\" data-id=\"PLxgNJlFwQZYv9YpThW05fu8RHGjcMyEUC\">1 Reyes<\/li>\n                <li class=\"playlist\" data-id=\"PLxgNJlFwQZYu8MP_fFoBwqH1DG2zLbdQx\">1 Timoteo<\/li>\n                <!-- <li class=\"playlist\" data-id=\"PLxgNJlFwQZYukqW9w2dEC2QKG6lviZwVB\">Testimonios de Vida para la Gloria de Dios<\/li> -->\n                <li class=\"playlist\" data-id=\"PLxgNJlFwQZYuwuOH8-Aoq4xapdJ3Yle70\">PREDICAS<\/li>\n                <li class=\"playlist\" data-id=\"PLxgNJlFwQZYsei9tGBx7uwUJ-L38f_Cza\">2 Samuel<\/li>\n                <li class=\"playlist\" data-id=\"PLxgNJlFwQZYvjnBKrgNHGyubT7Dmd5GJX\">Evangelio de Marcos 2021<\/li>\n                <li class=\"playlist\" data-id=\"PLxgNJlFwQZYvNWTlZjG1wzrhe8-DKQYHT\">Capilla Calvario<\/li>\n            <\/ul>\n        <\/div>\n        <div class=\"player\">\n            <iframe id=\"player\" width=\"100%\" height=\"100%\" src=\"https:\/\/www.youtube.com\/embed\/videoseries?list=PLxgNJlFwQZYukMuIzITafKazCPLtc_H8C\" frameborder=\"0\" allowfullscreen=\"\"><\/iframe>\n        <\/div>\n    <\/div>\n    <script>\n        const playlists = document.querySelectorAll('.playlist');\n        const player = document.getElementById('player');\n\n        playlists.forEach(playlist => {\n            playlist.addEventListener('click', () => {\n                const playlistId = playlist.getAttribute('data-id');\n                player.src = `https:\/\/www.youtube.com\/embed\/videoseries?list=${playlistId}`;\n                playlists.forEach(p => p.classList.remove('active'));\n                playlist.classList.add('active');\n            });\n        });\n    <\/script>\n\n\n<\/body><\/html>\t\t\t\t<\/div>\n\t\t\t\t<\/div>\n\t\t\t\t\t<\/div>\n\t\t<\/div>\n\t\t\t\t\t<\/div>\n\t\t<\/section>\n\t\t\t\t<\/div>\n\t\t","protected":false},"excerpt":{"rendered":"<p>Spanish Teachings with Pastor Jay Bentley Below you will find verse by verse and chapter by chapter teachings through different books of the Bible.\u00a0 Teachings Daniel Apocalipsis CONFERENCIA DE J\u00d3VENES 2023 2 Pedro Jes\u00fas es la Raz\u00f3n \/ Mini Serie Navide\u00f1a 2022 2 Reyes DEVOCIONAL SEMANAL 1 Pedro Filem\u00f3n Tito 2 Timoteo 1 Reyes 1 [&hellip;]<\/p>\n","protected":false},"author":1,"featured_media":0,"parent":0,"menu_order":0,"comment_status":"closed","ping_status":"closed","template":"","meta":{"footnotes":""},"class_list":["post-6644","page","type-page","status-publish","hentry"],"yoast_head":"<!-- This site is optimized with the Yoast SEO plugin v27.4 - https:\/\/yoast.com\/product\/yoast-seo-wordpress\/ -->\n<title>Spanish Teachings - Calvary Chapel Lake Norman<\/title>\n<meta name=\"robots\" content=\"index, follow, max-snippet:-1, max-image-preview:large, max-video-preview:-1\" \/>\n<link rel=\"canonical\" href=\"https:\/\/cclkn.org\/es\/spanish-teachings\/\" \/>\n<meta property=\"og:locale\" content=\"es_ES\" \/>\n<meta property=\"og:type\" content=\"article\" \/>\n<meta property=\"og:title\" content=\"Spanish Teachings - Calvary Chapel Lake Norman\" \/>\n<meta property=\"og:description\" content=\"Spanish Teachings with Pastor Jay Bentley Below you will find verse by verse and chapter by chapter teachings through different books of the Bible.\u00a0 Teachings Daniel Apocalipsis CONFERENCIA DE J\u00d3VENES 2023 2 Pedro Jes\u00fas es la Raz\u00f3n \/ Mini Serie Navide\u00f1a 2022 2 Reyes DEVOCIONAL SEMANAL 1 Pedro Filem\u00f3n Tito 2 Timoteo 1 Reyes 1 [&hellip;]\" \/>\n<meta property=\"og:url\" content=\"https:\/\/cclkn.org\/es\/spanish-teachings\/\" \/>\n<meta property=\"og:site_name\" content=\"Calvary Chapel Lake Norman\" \/>\n<meta property=\"article:modified_time\" content=\"2026-01-21T14:20:32+00:00\" \/>\n<meta name=\"twitter:card\" content=\"summary_large_image\" \/>\n<meta name=\"twitter:label1\" content=\"Tiempo de lectura\" \/>\n\t<meta name=\"twitter:data1\" content=\"1 minuto\" \/>\n<script type=\"application\/ld+json\" class=\"yoast-schema-graph\">{\"@context\":\"https:\\\/\\\/schema.org\",\"@graph\":[{\"@type\":\"WebPage\",\"@id\":\"https:\\\/\\\/cclkn.org\\\/spanish-teachings\\\/\",\"url\":\"https:\\\/\\\/cclkn.org\\\/spanish-teachings\\\/\",\"name\":\"Spanish Teachings - Calvary Chapel Lake Norman\",\"isPartOf\":{\"@id\":\"https:\\\/\\\/calvarychapelmooresville.com\\\/#website\"},\"datePublished\":\"2024-04-08T21:24:25+00:00\",\"dateModified\":\"2026-01-21T14:20:32+00:00\",\"breadcrumb\":{\"@id\":\"https:\\\/\\\/cclkn.org\\\/spanish-teachings\\\/#breadcrumb\"},\"inLanguage\":\"es\",\"potentialAction\":[{\"@type\":\"ReadAction\",\"target\":[\"https:\\\/\\\/cclkn.org\\\/spanish-teachings\\\/\"]}]},{\"@type\":\"BreadcrumbList\",\"@id\":\"https:\\\/\\\/cclkn.org\\\/spanish-teachings\\\/#breadcrumb\",\"itemListElement\":[{\"@type\":\"ListItem\",\"position\":1,\"name\":\"Home\",\"item\":\"https:\\\/\\\/cclkn.org\\\/\"},{\"@type\":\"ListItem\",\"position\":2,\"name\":\"Spanish Teachings\"}]},{\"@type\":\"WebSite\",\"@id\":\"https:\\\/\\\/calvarychapelmooresville.com\\\/#website\",\"url\":\"https:\\\/\\\/calvarychapelmooresville.com\\\/\",\"name\":\"Calvary Chapel Lake Norman\",\"description\":\"\",\"publisher\":{\"@id\":\"https:\\\/\\\/calvarychapelmooresville.com\\\/#organization\"},\"potentialAction\":[{\"@type\":\"SearchAction\",\"target\":{\"@type\":\"EntryPoint\",\"urlTemplate\":\"https:\\\/\\\/calvarychapelmooresville.com\\\/?s={search_term_string}\"},\"query-input\":{\"@type\":\"PropertyValueSpecification\",\"valueRequired\":true,\"valueName\":\"search_term_string\"}}],\"inLanguage\":\"es\"},{\"@type\":\"Organization\",\"@id\":\"https:\\\/\\\/calvarychapelmooresville.com\\\/#organization\",\"name\":\"Calvary Chapel Lake Norman\",\"url\":\"https:\\\/\\\/calvarychapelmooresville.com\\\/\",\"logo\":{\"@type\":\"ImageObject\",\"inLanguage\":\"es\",\"@id\":\"https:\\\/\\\/calvarychapelmooresville.com\\\/#\\\/schema\\\/logo\\\/image\\\/\",\"url\":\"https:\\\/\\\/cclkn.org\\\/wp-content\\\/uploads\\\/2021\\\/12\\\/Calvary-Chapel-Lake-Norman-Logo-e1641215147863.png\",\"contentUrl\":\"https:\\\/\\\/cclkn.org\\\/wp-content\\\/uploads\\\/2021\\\/12\\\/Calvary-Chapel-Lake-Norman-Logo-e1641215147863.png\",\"width\":895,\"height\":132,\"caption\":\"Calvary Chapel Lake Norman\"},\"image\":{\"@id\":\"https:\\\/\\\/calvarychapelmooresville.com\\\/#\\\/schema\\\/logo\\\/image\\\/\"}}]}<\/script>\n<!-- \/ Yoast SEO plugin. -->","yoast_head_json":{"title":"Spanish Teachings - Calvary Chapel Lake Norman","robots":{"index":"index","follow":"follow","max-snippet":"max-snippet:-1","max-image-preview":"max-image-preview:large","max-video-preview":"max-video-preview:-1"},"canonical":"https:\/\/cclkn.org\/es\/spanish-teachings\/","og_locale":"es_ES","og_type":"article","og_title":"Spanish Teachings - Calvary Chapel Lake Norman","og_description":"Spanish Teachings with Pastor Jay Bentley Below you will find verse by verse and chapter by chapter teachings through different books of the Bible.\u00a0 Teachings Daniel Apocalipsis CONFERENCIA DE J\u00d3VENES 2023 2 Pedro Jes\u00fas es la Raz\u00f3n \/ Mini Serie Navide\u00f1a 2022 2 Reyes DEVOCIONAL SEMANAL 1 Pedro Filem\u00f3n Tito 2 Timoteo 1 Reyes 1 [&hellip;]","og_url":"https:\/\/cclkn.org\/es\/spanish-teachings\/","og_site_name":"Calvary Chapel Lake Norman","article_modified_time":"2026-01-21T14:20:32+00:00","twitter_card":"summary_large_image","twitter_misc":{"Tiempo de lectura":"1 minuto"},"schema":{"@context":"https:\/\/schema.org","@graph":[{"@type":"WebPage","@id":"https:\/\/cclkn.org\/spanish-teachings\/","url":"https:\/\/cclkn.org\/spanish-teachings\/","name":"Spanish Teachings - Calvary Chapel Lake Norman","isPartOf":{"@id":"https:\/\/calvarychapelmooresville.com\/#website"},"datePublished":"2024-04-08T21:24:25+00:00","dateModified":"2026-01-21T14:20:32+00:00","breadcrumb":{"@id":"https:\/\/cclkn.org\/spanish-teachings\/#breadcrumb"},"inLanguage":"es","potentialAction":[{"@type":"ReadAction","target":["https:\/\/cclkn.org\/spanish-teachings\/"]}]},{"@type":"BreadcrumbList","@id":"https:\/\/cclkn.org\/spanish-teachings\/#breadcrumb","itemListElement":[{"@type":"ListItem","position":1,"name":"Home","item":"https:\/\/cclkn.org\/"},{"@type":"ListItem","position":2,"name":"Spanish Teachings"}]},{"@type":"WebSite","@id":"https:\/\/calvarychapelmooresville.com\/#website","url":"https:\/\/calvarychapelmooresville.com\/","name":"Calvary Chapel Lake Norman","description":"","publisher":{"@id":"https:\/\/calvarychapelmooresville.com\/#organization"},"potentialAction":[{"@type":"SearchAction","target":{"@type":"EntryPoint","urlTemplate":"https:\/\/calvarychapelmooresville.com\/?s={search_term_string}"},"query-input":{"@type":"PropertyValueSpecification","valueRequired":true,"valueName":"search_term_string"}}],"inLanguage":"es"},{"@type":"Organization","@id":"https:\/\/calvarychapelmooresville.com\/#organization","name":"Calvary Chapel Lake Norman","url":"https:\/\/calvarychapelmooresville.com\/","logo":{"@type":"ImageObject","inLanguage":"es","@id":"https:\/\/calvarychapelmooresville.com\/#\/schema\/logo\/image\/","url":"https:\/\/cclkn.org\/wp-content\/uploads\/2021\/12\/Calvary-Chapel-Lake-Norman-Logo-e1641215147863.png","contentUrl":"https:\/\/cclkn.org\/wp-content\/uploads\/2021\/12\/Calvary-Chapel-Lake-Norman-Logo-e1641215147863.png","width":895,"height":132,"caption":"Calvary Chapel Lake Norman"},"image":{"@id":"https:\/\/calvarychapelmooresville.com\/#\/schema\/logo\/image\/"}}]}},"_links":{"self":[{"href":"https:\/\/cclkn.org\/es\/wp-json\/wp\/v2\/pages\/6644","targetHints":{"allow":["GET"]}}],"collection":[{"href":"https:\/\/cclkn.org\/es\/wp-json\/wp\/v2\/pages"}],"about":[{"href":"https:\/\/cclkn.org\/es\/wp-json\/wp\/v2\/types\/page"}],"author":[{"embeddable":true,"href":"https:\/\/cclkn.org\/es\/wp-json\/wp\/v2\/users\/1"}],"replies":[{"embeddable":true,"href":"https:\/\/cclkn.org\/es\/wp-json\/wp\/v2\/comments?post=6644"}],"version-history":[{"count":23,"href":"https:\/\/cclkn.org\/es\/wp-json\/wp\/v2\/pages\/6644\/revisions"}],"predecessor-version":[{"id":9189,"href":"https:\/\/cclkn.org\/es\/wp-json\/wp\/v2\/pages\/6644\/revisions\/9189"}],"wp:attachment":[{"href":"https:\/\/cclkn.org\/es\/wp-json\/wp\/v2\/media?parent=6644"}],"curies":[{"name":"wp","href":"https:\/\/api.w.org\/{rel}","templated":true}]}}